{"id":757,"date":"2025-10-06T14:51:31","date_gmt":"2025-10-06T05:51:31","guid":{"rendered":"http:\/\/www2a.comm.eng.osaka-u.ac.jp\/ochiailab\/?page_id=757"},"modified":"2025-10-06T14:57:30","modified_gmt":"2025-10-06T05:57:30","slug":"kawamura","status":"publish","type":"page","link":"http:\/\/www2a.comm.eng.osaka-u.ac.jp\/ochiailab\/index.php\/members\/kawamura\/","title":{"rendered":"Kawamura Lugo Daiki Daniel"},"content":{"rendered":"<h6>\u30b8\u30e3\u30fc\u30ca\u30eb\u8ad6\u6587 (Journals)<\/h6>\n<ul>\n<li><a href=\"https:\/\/revistas.uni.edu.py\/index.php\/impacto\/article\/view\/504\"> D. Liebel, D. Lugo, y D. Kawamura, Estrategia de captura de datos con sensores de bajo costo para la gesti\u00f3n de calidad de agua del afluente del R\u00edo Paran\u00e1 (Data capture strategy with low-cost sensors for water quality<br \/>\nmanagement of the Paran\u00e1 River tributary), Impacto, vol. 4, n.\u00ba 1, pp. 1\u201312, nov. 2024. <\/a><\/li>\n<\/ul>\n","protected":false},"excerpt":{"rendered":"<p>\u30b8\u30e3\u30fc\u30ca\u30eb\u8ad6\u6587 (Journals) D. Liebel, D. Lugo, y D. Kawamura, Estrategia de captura de datos con sensores de bajo costo para la gesti\u00f3n de calidad de &hellip;<\/p>\n","protected":false},"author":1,"featured_media":0,"parent":16,"menu_order":0,"comment_status":"closed","ping_status":"closed","template":"","meta":{"footnotes":""},"_links":{"self":[{"href":"http:\/\/www2a.comm.eng.osaka-u.ac.jp\/ochiailab\/index.php\/wp-json\/wp\/v2\/pages\/757"}],"collection":[{"href":"http:\/\/www2a.comm.eng.osaka-u.ac.jp\/ochiailab\/index.php\/wp-json\/wp\/v2\/pages"}],"about":[{"href":"http:\/\/www2a.comm.eng.osaka-u.ac.jp\/ochiailab\/index.php\/wp-json\/wp\/v2\/types\/page"}],"author":[{"embeddable":true,"href":"http:\/\/www2a.comm.eng.osaka-u.ac.jp\/ochiailab\/index.php\/wp-json\/wp\/v2\/users\/1"}],"replies":[{"embeddable":true,"href":"http:\/\/www2a.comm.eng.osaka-u.ac.jp\/ochiailab\/index.php\/wp-json\/wp\/v2\/comments?post=757"}],"version-history":[{"count":4,"href":"http:\/\/www2a.comm.eng.osaka-u.ac.jp\/ochiailab\/index.php\/wp-json\/wp\/v2\/pages\/757\/revisions"}],"predecessor-version":[{"id":764,"href":"http:\/\/www2a.comm.eng.osaka-u.ac.jp\/ochiailab\/index.php\/wp-json\/wp\/v2\/pages\/757\/revisions\/764"}],"up":[{"embeddable":true,"href":"http:\/\/www2a.comm.eng.osaka-u.ac.jp\/ochiailab\/index.php\/wp-json\/wp\/v2\/pages\/16"}],"wp:attachment":[{"href":"http:\/\/www2a.comm.eng.osaka-u.ac.jp\/ochiailab\/index.php\/wp-json\/wp\/v2\/media?parent=757"}],"curies":[{"name":"wp","href":"https:\/\/api.w.org\/{rel}","templated":true}]}}